{"id":448,"date":"2020-03-21T11:33:51","date_gmt":"2020-03-21T11:33:51","guid":{"rendered":"https:\/\/www.voittajanmieli.fi\/?page_id=448"},"modified":"2021-03-31T11:52:02","modified_gmt":"2021-03-31T08:52:02","slug":"toimitusehdot","status":"publish","type":"page","link":"https:\/\/www.voittajanmieli.fi\/index.php\/toimitusehdot\/","title":{"rendered":"Toimitusehdot"},"content":{"rendered":"\n<p><strong>Psykologipalvelu LeadingMind Oy<\/strong>&nbsp;(y-tunnus 3114634-4) (j\u00e4ljemp\u00e4n\u00e4 verkkokauppa) myy verkkokursseja luonnollisille tai juridisille henkil\u00f6ille (j\u00e4ljemp\u00e4n\u00e4 asiakas). Pid\u00e4t\u00e4mme oikeuden toimitusehtojen ja hintojen muutoksiin. Tuotteiden hinnat ilmoitetaan arvonlis\u00e4verollisina. Tuotteet sis\u00e4lt\u00e4v\u00e4t arvonlis\u00e4veroa 24%.<\/p>\n\n\n\n<h4 class=\"wp-block-heading\">Verkkokaupan yhteystiedot<\/h4>\n\n\n\n<p>S\u00e4hk\u00f6posti: info(at)voittajanmieli.fi<\/p>\n\n\n\n<h4 class=\"wp-block-heading\">Tilaaminen<\/h4>\n\n\n\n<p>Tilattavat tuotteet valitaan kotisivuilla lis\u00e4\u00e4m\u00e4ll\u00e4 ne ostoskoriin. Tilaus l\u00e4hetet\u00e4\u00e4n maksamalla ostoskorin sis\u00e4lt\u00f6 verkkokaupan kassatoiminnossa. Tehdess\u00e4si tilauksen hyv\u00e4ksyt n\u00e4m\u00e4 toimitusehdot, tuotteiden hinnat sek\u00e4 toimituskulut. Mik\u00e4li tilaushetkell\u00e4 annetaan s\u00e4hk\u00f6postiosoite, tilauksesta l\u00e4hetet\u00e4\u00e4n tilausvahvistus s\u00e4hk\u00f6postitse. Tilausvahvistuksesta ilmenev\u00e4t tilatut tuotteet sek\u00e4 hinta.<\/p>\n\n\n\n<h4 class=\"wp-block-heading\">Maksaminen<\/h4>\n\n\n\n<p>Verkkokaupan maksuv\u00e4litt\u00e4j\u00e4n\u00e4 toimii Visma Pay (Paybyway Oy, y-tunnus 2486559-4), joka on rekister\u00f6ity Finanssivalvonnan yll\u00e4pit\u00e4m\u00e4\u00e4n maksulaitosrekisteriin. Maksamiseen siirryt\u00e4\u00e4n Visma Payn verkkopalvelun kautta ja tiliotteella ja laskulla maksun saajana n\u00e4kyy Visma Pay tai Paybyway Oy. Visma Pay v\u00e4litt\u00e4\u00e4 maksut verkkokauppiaalle. Maksaminen on turvallista, sill\u00e4 kaikki maksutapahtumaa koskevat tiedot v\u00e4litet\u00e4\u00e4n salattua yhteytt\u00e4 k\u00e4ytt\u00e4en niin ettei kukaan ulkopuolinen taho n\u00e4e maksutapahtuman tietoja.<\/p>\n\n\n\n<p>Kauppa syntyy verkkokaupan asiakkaan ja verkkokaupan v\u00e4lille. Verkkokaupan vastuulla ovat kaikki kauppaan liittyv\u00e4t velvoitteet.<\/p>\n\n\n\n<p>Lue lis\u00e4\u00e4 Visma Paysta: https:\/\/www.visma.fi\/vismapay\/<\/p>\n\n\n\n<h4 class=\"wp-block-heading\">Maksutavat<\/h4>\n\n\n\n<p>Visma Pay -palvelun kautta voit maksaa verkkopankkitunnuksilla, lompakolla, maksukorteilla (credit\/debit), laskulla tai osamaksulla. K\u00e4ytett\u00e4viss\u00e4 ovat seuraavat maksutavat: Osuuspankki, Nordea, Danske Bank, Oma S\u00e4\u00e4st\u00f6pankki, S\u00e4\u00e4st\u00f6pankki, Aktia, Paikallisosuuspankit, S-Pankki, Handelsbanken, \u00c5landsbanken, MobilePay, Masterpass, Pivo, Visa-, Visa Debit-, Visa Electron-, MasterCard- ja Debit MasterCard -kortit, sek\u00e4 Jousto ja Enterpay Lasku yritykselle.<\/p>\n\n\n\n<p>MobilePay: Voit maksaa MobilePay-lompakollasi mik\u00e4li olet sallinut verkkokaupoissa maksamisen sovelluksen asetuksista. MobilePay-lompakolla suoritetut maksut veloitetaan lompakkoon liitetylt\u00e4 maksukortilta. Mik\u00e4li maksun veloittaminen maksukortilta ep\u00e4onnistuu, MobilePay-lompakolla maksaminen ei ole mahdollista verkkokaupassa.<\/p>\n\n\n\n<h4 class=\"has-text-color wp-block-heading\" style=\"color:#0c5f62\">Visma Pay -maksupalvelun yhteystiedot<\/h4>\n\n\n\n<p>Visma Pay, Paybyway Oy (Y-tunnus 2486559-4)<br>S\u00e4hk\u00f6posti: helpdesk@vismapay.com<br>Puhelin: 09 315 42 037 (arkisin klo 8-16)<br>Postiosoite: Laserkatu 6, 53850 Lappeenranta<\/p>\n\n\n\n<h4 class=\"wp-block-heading\">Toimitus ja palautus<\/h4>\n\n\n\n<p>Tuotteella on 14 pv palautusoikeus. Halutessasi perua tilauksen, otathan yhteytt\u00e4 verkkokauppaan ja kysy peruutusohjeita.<\/p>\n\n\n\n<p class=\"has-very-dark-gray-color has-text-color\">Verkkokaupalla on lakis\u00e4\u00e4teinen virhevastuu myydyist\u00e4 tuotteista. Reklamaatiotapauksissa pyyd\u00e4mme olemaan yhteydess\u00e4 asiakaspalveluumme. Kuluttajalla on oikeus vied\u00e4 mahdolliset riitatilanteet kuluttajariitalautakunnan ratkaistavaksi. Jos kauppasopimusta koskevaa erimielisyytt\u00e4 ei saada ratkaistuksi osapuolten v\u00e4lisill\u00e4 neuvotteluilla, kuluttaja voi saattaa asian kuluttajariitalautakunnan (<a href=\"http:\/\/www.kuluttajariita.fi\/\">www.kuluttajariita.fi<\/a>) ratkaistavaksi. Ennen asian viemist\u00e4 kuluttajariitalautakunnan k\u00e4sittelyyn kuluttajan tulee olla yhteydess\u00e4 maistraattien kuluttajaneuvontaan (<a href=\"http:\/\/www.kuluttajaneuvonta.fi\/\">ww<\/a>w.kuluttajaneuvonta.fi).<\/p>\n\n\n\n<p><\/p>\n\n\n\n<figure class=\"wp-block-image size-large\"><img loading=\"lazy\" decoding=\"async\" width=\"1024\" height=\"137\" src=\"https:\/\/www.voittajanmieli.fi\/wp-content\/uploads\/2021\/03\/vismapay-1-1024x137.jpg\" alt=\"\" class=\"wp-image-3764\" srcset=\"https:\/\/www.voittajanmieli.fi\/wp-content\/uploads\/2021\/03\/vismapay-1-1024x137.jpg 1024w, https:\/\/www.voittajanmieli.fi\/wp-content\/uploads\/2021\/03\/vismapay-1-800x107.jpg 800w, https:\/\/www.voittajanmieli.fi\/wp-content\/uploads\/2021\/03\/vismapay-1-300x40.jpg 300w, https:\/\/www.voittajanmieli.fi\/wp-content\/uploads\/2021\/03\/vismapay-1-768x102.jpg 768w, https:\/\/www.voittajanmieli.fi\/wp-content\/uploads\/2021\/03\/vismapay-1-830x111.jpg 830w, https:\/\/www.voittajanmieli.fi\/wp-content\/uploads\/2021\/03\/vismapay-1-230x31.jpg 230w, https:\/\/www.voittajanmieli.fi\/wp-content\/uploads\/2021\/03\/vismapay-1-350x47.jpg 350w, https:\/\/www.voittajanmieli.fi\/wp-content\/uploads\/2021\/03\/vismapay-1-480x64.jpg 480w, https:\/\/www.voittajanmieli.fi\/wp-content\/uploads\/2021\/03\/vismapay-1-600x80.jpg 600w, https:\/\/www.voittajanmieli.fi\/wp-content\/uploads\/2021\/03\/vismapay-1.jpg 1500w\" sizes=\"(max-width: 1024px) 100vw, 1024px\" \/><\/figure>\n","protected":false},"excerpt":{"rendered":"<p>Psykologipalvelu LeadingMind Oy&nbsp;(y-tunnus 3114634-4) (j\u00e4ljemp\u00e4n\u00e4 verkkokauppa) myy verkkokursseja luonnollisille tai juridisille henkil\u00f6ille (j\u00e4ljemp\u00e4n\u00e4 asiakas). Pid\u00e4t\u00e4mme oikeuden toimitusehtojen ja hintojen muutoksiin. Tuotteiden hinnat [&hellip;]<\/p>\n","protected":false},"author":1,"featured_media":0,"parent":0,"menu_order":0,"comment_status":"closed","ping_status":"closed","template":"","meta":{"footnotes":""},"yoast_head":"<!-- This site is optimized with the Yoast SEO plugin v22.3 - https:\/\/yoast.com\/wordpress\/plugins\/seo\/ -->\n<title>Toimitusehdot - Voittajan mieli - Psyykkisen valmennuksen verkkovalmennus<\/title>\n<meta name=\"robots\" content=\"index, follow, max-snippet:-1, max-image-preview:large, max-video-preview:-1\" \/>\n<link rel=\"canonical\" href=\"https:\/\/www.voittajanmieli.fi\/index.php\/toimitusehdot\/\" \/>\n<meta property=\"og:locale\" content=\"fi_FI\" \/>\n<meta property=\"og:type\" content=\"article\" \/>\n<meta property=\"og:title\" content=\"Toimitusehdot - Voittajan mieli - Psyykkisen valmennuksen verkkovalmennus\" \/>\n<meta property=\"og:description\" content=\"Psykologipalvelu LeadingMind Oy&nbsp;(y-tunnus 3114634-4) (j\u00e4ljemp\u00e4n\u00e4 verkkokauppa) myy verkkokursseja luonnollisille tai juridisille henkil\u00f6ille (j\u00e4ljemp\u00e4n\u00e4 asiakas). Pid\u00e4t\u00e4mme oikeuden toimitusehtojen ja hintojen muutoksiin. Tuotteiden hinnat [&hellip;]\" \/>\n<meta property=\"og:url\" content=\"https:\/\/www.voittajanmieli.fi\/index.php\/toimitusehdot\/\" \/>\n<meta property=\"og:site_name\" content=\"Voittajan mieli - Psyykkisen valmennuksen verkkovalmennus\" \/>\n<meta property=\"article:modified_time\" content=\"2021-03-31T08:52:02+00:00\" \/>\n<meta property=\"og:image\" content=\"https:\/\/www.voittajanmieli.fi\/wp-content\/uploads\/2021\/03\/vismapay-1-1024x137.jpg\" \/>\n<meta name=\"twitter:card\" content=\"summary_large_image\" \/>\n<meta name=\"twitter:label1\" content=\"Arvioitu lukuaika\" \/>\n\t<meta name=\"twitter:data1\" content=\"2 minuuttia\" \/>\n<script type=\"application\/ld+json\" class=\"yoast-schema-graph\">{\"@context\":\"https:\/\/schema.org\",\"@graph\":[{\"@type\":\"WebPage\",\"@id\":\"https:\/\/www.voittajanmieli.fi\/index.php\/toimitusehdot\/\",\"url\":\"https:\/\/www.voittajanmieli.fi\/index.php\/toimitusehdot\/\",\"name\":\"Toimitusehdot - Voittajan mieli - Psyykkisen valmennuksen verkkovalmennus\",\"isPartOf\":{\"@id\":\"https:\/\/www.voittajanmieli.fi\/#website\"},\"primaryImageOfPage\":{\"@id\":\"https:\/\/www.voittajanmieli.fi\/index.php\/toimitusehdot\/#primaryimage\"},\"image\":{\"@id\":\"https:\/\/www.voittajanmieli.fi\/index.php\/toimitusehdot\/#primaryimage\"},\"thumbnailUrl\":\"https:\/\/www.voittajanmieli.fi\/wp-content\/uploads\/2021\/03\/vismapay-1-1024x137.jpg\",\"datePublished\":\"2020-03-21T11:33:51+00:00\",\"dateModified\":\"2021-03-31T08:52:02+00:00\",\"breadcrumb\":{\"@id\":\"https:\/\/www.voittajanmieli.fi\/index.php\/toimitusehdot\/#breadcrumb\"},\"inLanguage\":\"fi\",\"potentialAction\":[{\"@type\":\"ReadAction\",\"target\":[\"https:\/\/www.voittajanmieli.fi\/index.php\/toimitusehdot\/\"]}]},{\"@type\":\"ImageObject\",\"inLanguage\":\"fi\",\"@id\":\"https:\/\/www.voittajanmieli.fi\/index.php\/toimitusehdot\/#primaryimage\",\"url\":\"https:\/\/www.voittajanmieli.fi\/wp-content\/uploads\/2021\/03\/vismapay-1.jpg\",\"contentUrl\":\"https:\/\/www.voittajanmieli.fi\/wp-content\/uploads\/2021\/03\/vismapay-1.jpg\",\"width\":1500,\"height\":200},{\"@type\":\"BreadcrumbList\",\"@id\":\"https:\/\/www.voittajanmieli.fi\/index.php\/toimitusehdot\/#breadcrumb\",\"itemListElement\":[{\"@type\":\"ListItem\",\"position\":1,\"name\":\"Home\",\"item\":\"https:\/\/www.voittajanmieli.fi\/\"},{\"@type\":\"ListItem\",\"position\":2,\"name\":\"Toimitusehdot\"}]},{\"@type\":\"WebSite\",\"@id\":\"https:\/\/www.voittajanmieli.fi\/#website\",\"url\":\"https:\/\/www.voittajanmieli.fi\/\",\"name\":\"Voittajan mieli - Psyykkisen valmennuksen verkkovalmennus\",\"description\":\"\",\"potentialAction\":[{\"@type\":\"SearchAction\",\"target\":{\"@type\":\"EntryPoint\",\"urlTemplate\":\"https:\/\/www.voittajanmieli.fi\/?s={search_term_string}\"},\"query-input\":\"required name=search_term_string\"}],\"inLanguage\":\"fi\"}]}<\/script>\n<!-- \/ Yoast SEO plugin. -->","yoast_head_json":{"title":"Toimitusehdot - Voittajan mieli - Psyykkisen valmennuksen verkkovalmennus","robots":{"index":"index","follow":"follow","max-snippet":"max-snippet:-1","max-image-preview":"max-image-preview:large","max-video-preview":"max-video-preview:-1"},"canonical":"https:\/\/www.voittajanmieli.fi\/index.php\/toimitusehdot\/","og_locale":"fi_FI","og_type":"article","og_title":"Toimitusehdot - Voittajan mieli - Psyykkisen valmennuksen verkkovalmennus","og_description":"Psykologipalvelu LeadingMind Oy&nbsp;(y-tunnus 3114634-4) (j\u00e4ljemp\u00e4n\u00e4 verkkokauppa) myy verkkokursseja luonnollisille tai juridisille henkil\u00f6ille (j\u00e4ljemp\u00e4n\u00e4 asiakas). Pid\u00e4t\u00e4mme oikeuden toimitusehtojen ja hintojen muutoksiin. Tuotteiden hinnat [&hellip;]","og_url":"https:\/\/www.voittajanmieli.fi\/index.php\/toimitusehdot\/","og_site_name":"Voittajan mieli - Psyykkisen valmennuksen verkkovalmennus","article_modified_time":"2021-03-31T08:52:02+00:00","og_image":[{"url":"https:\/\/www.voittajanmieli.fi\/wp-content\/uploads\/2021\/03\/vismapay-1-1024x137.jpg"}],"twitter_card":"summary_large_image","twitter_misc":{"Arvioitu lukuaika":"2 minuuttia"},"schema":{"@context":"https:\/\/schema.org","@graph":[{"@type":"WebPage","@id":"https:\/\/www.voittajanmieli.fi\/index.php\/toimitusehdot\/","url":"https:\/\/www.voittajanmieli.fi\/index.php\/toimitusehdot\/","name":"Toimitusehdot - Voittajan mieli - Psyykkisen valmennuksen verkkovalmennus","isPartOf":{"@id":"https:\/\/www.voittajanmieli.fi\/#website"},"primaryImageOfPage":{"@id":"https:\/\/www.voittajanmieli.fi\/index.php\/toimitusehdot\/#primaryimage"},"image":{"@id":"https:\/\/www.voittajanmieli.fi\/index.php\/toimitusehdot\/#primaryimage"},"thumbnailUrl":"https:\/\/www.voittajanmieli.fi\/wp-content\/uploads\/2021\/03\/vismapay-1-1024x137.jpg","datePublished":"2020-03-21T11:33:51+00:00","dateModified":"2021-03-31T08:52:02+00:00","breadcrumb":{"@id":"https:\/\/www.voittajanmieli.fi\/index.php\/toimitusehdot\/#breadcrumb"},"inLanguage":"fi","potentialAction":[{"@type":"ReadAction","target":["https:\/\/www.voittajanmieli.fi\/index.php\/toimitusehdot\/"]}]},{"@type":"ImageObject","inLanguage":"fi","@id":"https:\/\/www.voittajanmieli.fi\/index.php\/toimitusehdot\/#primaryimage","url":"https:\/\/www.voittajanmieli.fi\/wp-content\/uploads\/2021\/03\/vismapay-1.jpg","contentUrl":"https:\/\/www.voittajanmieli.fi\/wp-content\/uploads\/2021\/03\/vismapay-1.jpg","width":1500,"height":200},{"@type":"BreadcrumbList","@id":"https:\/\/www.voittajanmieli.fi\/index.php\/toimitusehdot\/#breadcrumb","itemListElement":[{"@type":"ListItem","position":1,"name":"Home","item":"https:\/\/www.voittajanmieli.fi\/"},{"@type":"ListItem","position":2,"name":"Toimitusehdot"}]},{"@type":"WebSite","@id":"https:\/\/www.voittajanmieli.fi\/#website","url":"https:\/\/www.voittajanmieli.fi\/","name":"Voittajan mieli - Psyykkisen valmennuksen verkkovalmennus","description":"","potentialAction":[{"@type":"SearchAction","target":{"@type":"EntryPoint","urlTemplate":"https:\/\/www.voittajanmieli.fi\/?s={search_term_string}"},"query-input":"required name=search_term_string"}],"inLanguage":"fi"}]}},"jetpack_sharing_enabled":true,"_links":{"self":[{"href":"https:\/\/www.voittajanmieli.fi\/index.php\/wp-json\/wp\/v2\/pages\/448"}],"collection":[{"href":"https:\/\/www.voittajanmieli.fi\/index.php\/wp-json\/wp\/v2\/pages"}],"about":[{"href":"https:\/\/www.voittajanmieli.fi\/index.php\/wp-json\/wp\/v2\/types\/page"}],"author":[{"embeddable":true,"href":"https:\/\/www.voittajanmieli.fi\/index.php\/wp-json\/wp\/v2\/users\/1"}],"replies":[{"embeddable":true,"href":"https:\/\/www.voittajanmieli.fi\/index.php\/wp-json\/wp\/v2\/comments?post=448"}],"version-history":[{"count":14,"href":"https:\/\/www.voittajanmieli.fi\/index.php\/wp-json\/wp\/v2\/pages\/448\/revisions"}],"predecessor-version":[{"id":3770,"href":"https:\/\/www.voittajanmieli.fi\/index.php\/wp-json\/wp\/v2\/pages\/448\/revisions\/3770"}],"wp:attachment":[{"href":"https:\/\/www.voittajanmieli.fi\/index.php\/wp-json\/wp\/v2\/media?parent=448"}],"curies":[{"name":"wp","href":"https:\/\/api.w.org\/{rel}","templated":true}]}}